{"id":2551,"date":"2019-05-31T09:49:17","date_gmt":"2019-05-31T09:49:17","guid":{"rendered":"https:\/\/evolugen.com\/careers\/"},"modified":"2022-11-03T15:46:32","modified_gmt":"2022-11-03T15:46:32","slug":"carrieres","status":"publish","type":"page","link":"https:\/\/evolugen.com\/fr\/carrieres\/","title":{"rendered":"Carri\u00e8res"},"content":{"rendered":"","protected":false},"excerpt":{"rendered":"","protected":false},"author":1,"featured_media":0,"parent":0,"menu_order":0,"comment_status":"closed","ping_status":"closed","template":"page-templates\/careers.php","meta":{"_acf_changed":false,"footnotes":""},"class_list":["post-2551","page","type-page","status-publish","hentry"],"acf":[],"yoast_head":"<!-- This site is optimized with the Yoast SEO plugin v27.2 - https:\/\/yoast.com\/product\/yoast-seo-wordpress\/ -->\n<title>Joignez-vous \u00e0 notre \u00e9quipe | Evolugen<\/title>\n<meta name=\"description\" content=\"Faites la diff\u00e9rence dans une entreprise d&#039;\u00e9nergie renouvelable. Consultez nos derni\u00e8res publications pour savoir comment vous joindre \u00e0 notre \u00e9quipe.\" \/>\n<meta name=\"robots\" content=\"index, follow, max-snippet:-1, max-image-preview:large, max-video-preview:-1\" \/>\n<link rel=\"canonical\" href=\"https:\/\/evolugen.com\/fr\/carrieres\/\" \/>\n<meta property=\"og:locale\" content=\"fr_FR\" \/>\n<meta property=\"og:type\" content=\"article\" \/>\n<meta property=\"og:title\" content=\"Joignez-vous \u00e0 notre \u00e9quipe | Evolugen\" \/>\n<meta property=\"og:description\" content=\"Faites la diff\u00e9rence dans une entreprise d&#039;\u00e9nergie renouvelable. Consultez nos derni\u00e8res publications pour savoir comment vous joindre \u00e0 notre \u00e9quipe.\" \/>\n<meta property=\"og:url\" content=\"https:\/\/evolugen.com\/fr\/carrieres\/\" \/>\n<meta property=\"og:site_name\" content=\"Evolugen by Brookfield Renewable\" \/>\n<meta property=\"article:modified_time\" content=\"2022-11-03T15:46:32+00:00\" \/>\n<meta name=\"twitter:card\" content=\"summary_large_image\" \/>\n<script type=\"application\/ld+json\" class=\"yoast-schema-graph\">{\"@context\":\"https:\/\/schema.org\",\"@graph\":[{\"@type\":\"WebPage\",\"@id\":\"https:\/\/evolugen.com\/fr\/carrieres\/\",\"url\":\"https:\/\/evolugen.com\/fr\/carrieres\/\",\"name\":\"Joignez-vous \u00e0 notre \u00e9quipe | Evolugen\",\"isPartOf\":{\"@id\":\"https:\/\/evolugen.com\/fr\/#website\"},\"datePublished\":\"2019-05-31T09:49:17+00:00\",\"dateModified\":\"2022-11-03T15:46:32+00:00\",\"description\":\"Faites la diff\u00e9rence dans une entreprise d'\u00e9nergie renouvelable. Consultez nos derni\u00e8res publications pour savoir comment vous joindre \u00e0 notre \u00e9quipe.\",\"breadcrumb\":{\"@id\":\"https:\/\/evolugen.com\/fr\/carrieres\/#breadcrumb\"},\"inLanguage\":\"fr-FR\",\"potentialAction\":[{\"@type\":\"ReadAction\",\"target\":[\"https:\/\/evolugen.com\/fr\/carrieres\/\"]}]},{\"@type\":\"BreadcrumbList\",\"@id\":\"https:\/\/evolugen.com\/fr\/carrieres\/#breadcrumb\",\"itemListElement\":[{\"@type\":\"ListItem\",\"position\":1,\"name\":\"Home\",\"item\":\"https:\/\/evolugen.com\/fr\/\"},{\"@type\":\"ListItem\",\"position\":2,\"name\":\"Carri\u00e8res\"}]},{\"@type\":\"WebSite\",\"@id\":\"https:\/\/evolugen.com\/fr\/#website\",\"url\":\"https:\/\/evolugen.com\/fr\/\",\"name\":\"Evolugen by Brookfield Renewable\",\"description\":\"\",\"publisher\":{\"@id\":\"https:\/\/evolugen.com\/fr\/#organization\"},\"potentialAction\":[{\"@type\":\"SearchAction\",\"target\":{\"@type\":\"EntryPoint\",\"urlTemplate\":\"https:\/\/evolugen.com\/fr\/?s={search_term_string}\"},\"query-input\":{\"@type\":\"PropertyValueSpecification\",\"valueRequired\":true,\"valueName\":\"search_term_string\"}}],\"inLanguage\":\"fr-FR\"},{\"@type\":\"Organization\",\"@id\":\"https:\/\/evolugen.com\/fr\/#organization\",\"name\":\"Evolugen by Brookfield Renewable\",\"url\":\"https:\/\/evolugen.com\/fr\/\",\"logo\":{\"@type\":\"ImageObject\",\"inLanguage\":\"fr-FR\",\"@id\":\"https:\/\/evolugen.com\/fr\/#\/schema\/logo\/image\/\",\"url\":\"https:\/\/evolugen.com\/wp-content\/uploads\/2019\/06\/Evolugen_Logo_English_White_Webfooter.png\",\"contentUrl\":\"https:\/\/evolugen.com\/wp-content\/uploads\/2019\/06\/Evolugen_Logo_English_White_Webfooter.png\",\"width\":477,\"height\":91,\"caption\":\"Evolugen by Brookfield Renewable\"},\"image\":{\"@id\":\"https:\/\/evolugen.com\/fr\/#\/schema\/logo\/image\/\"}}]}<\/script>\n<!-- \/ Yoast SEO plugin. -->","yoast_head_json":{"title":"Joignez-vous \u00e0 notre \u00e9quipe | Evolugen","description":"Faites la diff\u00e9rence dans une entreprise d'\u00e9nergie renouvelable. Consultez nos derni\u00e8res publications pour savoir comment vous joindre \u00e0 notre \u00e9quipe.","robots":{"index":"index","follow":"follow","max-snippet":"max-snippet:-1","max-image-preview":"max-image-preview:large","max-video-preview":"max-video-preview:-1"},"canonical":"https:\/\/evolugen.com\/fr\/carrieres\/","og_locale":"fr_FR","og_type":"article","og_title":"Joignez-vous \u00e0 notre \u00e9quipe | Evolugen","og_description":"Faites la diff\u00e9rence dans une entreprise d'\u00e9nergie renouvelable. Consultez nos derni\u00e8res publications pour savoir comment vous joindre \u00e0 notre \u00e9quipe.","og_url":"https:\/\/evolugen.com\/fr\/carrieres\/","og_site_name":"Evolugen by Brookfield Renewable","article_modified_time":"2022-11-03T15:46:32+00:00","twitter_card":"summary_large_image","schema":{"@context":"https:\/\/schema.org","@graph":[{"@type":"WebPage","@id":"https:\/\/evolugen.com\/fr\/carrieres\/","url":"https:\/\/evolugen.com\/fr\/carrieres\/","name":"Joignez-vous \u00e0 notre \u00e9quipe | Evolugen","isPartOf":{"@id":"https:\/\/evolugen.com\/fr\/#website"},"datePublished":"2019-05-31T09:49:17+00:00","dateModified":"2022-11-03T15:46:32+00:00","description":"Faites la diff\u00e9rence dans une entreprise d'\u00e9nergie renouvelable. Consultez nos derni\u00e8res publications pour savoir comment vous joindre \u00e0 notre \u00e9quipe.","breadcrumb":{"@id":"https:\/\/evolugen.com\/fr\/carrieres\/#breadcrumb"},"inLanguage":"fr-FR","potentialAction":[{"@type":"ReadAction","target":["https:\/\/evolugen.com\/fr\/carrieres\/"]}]},{"@type":"BreadcrumbList","@id":"https:\/\/evolugen.com\/fr\/carrieres\/#breadcrumb","itemListElement":[{"@type":"ListItem","position":1,"name":"Home","item":"https:\/\/evolugen.com\/fr\/"},{"@type":"ListItem","position":2,"name":"Carri\u00e8res"}]},{"@type":"WebSite","@id":"https:\/\/evolugen.com\/fr\/#website","url":"https:\/\/evolugen.com\/fr\/","name":"Evolugen by Brookfield Renewable","description":"","publisher":{"@id":"https:\/\/evolugen.com\/fr\/#organization"},"potentialAction":[{"@type":"SearchAction","target":{"@type":"EntryPoint","urlTemplate":"https:\/\/evolugen.com\/fr\/?s={search_term_string}"},"query-input":{"@type":"PropertyValueSpecification","valueRequired":true,"valueName":"search_term_string"}}],"inLanguage":"fr-FR"},{"@type":"Organization","@id":"https:\/\/evolugen.com\/fr\/#organization","name":"Evolugen by Brookfield Renewable","url":"https:\/\/evolugen.com\/fr\/","logo":{"@type":"ImageObject","inLanguage":"fr-FR","@id":"https:\/\/evolugen.com\/fr\/#\/schema\/logo\/image\/","url":"https:\/\/evolugen.com\/wp-content\/uploads\/2019\/06\/Evolugen_Logo_English_White_Webfooter.png","contentUrl":"https:\/\/evolugen.com\/wp-content\/uploads\/2019\/06\/Evolugen_Logo_English_White_Webfooter.png","width":477,"height":91,"caption":"Evolugen by Brookfield Renewable"},"image":{"@id":"https:\/\/evolugen.com\/fr\/#\/schema\/logo\/image\/"}}]}},"_links":{"self":[{"href":"https:\/\/evolugen.com\/fr\/wp-json\/wp\/v2\/pages\/2551","targetHints":{"allow":["GET"]}}],"collection":[{"href":"https:\/\/evolugen.com\/fr\/wp-json\/wp\/v2\/pages"}],"about":[{"href":"https:\/\/evolugen.com\/fr\/wp-json\/wp\/v2\/types\/page"}],"author":[{"embeddable":true,"href":"https:\/\/evolugen.com\/fr\/wp-json\/wp\/v2\/users\/1"}],"replies":[{"embeddable":true,"href":"https:\/\/evolugen.com\/fr\/wp-json\/wp\/v2\/comments?post=2551"}],"version-history":[{"count":0,"href":"https:\/\/evolugen.com\/fr\/wp-json\/wp\/v2\/pages\/2551\/revisions"}],"wp:attachment":[{"href":"https:\/\/evolugen.com\/fr\/wp-json\/wp\/v2\/media?parent=2551"}],"curies":[{"name":"wp","href":"https:\/\/api.w.org\/{rel}","templated":true}]}}