{"id":2539,"date":"2019-06-04T05:44:13","date_gmt":"2019-06-04T05:44:13","guid":{"rendered":"https:\/\/evolugen.com\/indigenous-partnerships\/"},"modified":"2022-10-14T19:35:10","modified_gmt":"2022-10-14T19:35:10","slug":"partenariats-avec-les-autochtones","status":"publish","type":"page","link":"https:\/\/evolugen.com\/fr\/partenariats-avec-les-autochtones\/","title":{"rendered":"Partenariats avec les autochtones"},"content":{"rendered":"","protected":false},"excerpt":{"rendered":"","protected":false},"author":1,"featured_media":0,"parent":0,"menu_order":0,"comment_status":"closed","ping_status":"closed","template":"page-templates\/indigenous-partnerships.php","meta":{"_acf_changed":false,"footnotes":""},"class_list":["post-2539","page","type-page","status-publish","hentry"],"acf":[],"yoast_head":"<!-- This site is optimized with the Yoast SEO plugin v27.2 - https:\/\/yoast.com\/product\/yoast-seo-wordpress\/ -->\n<title>D\u00e9velopper une \u00e9nergie durable avec les communaut\u00e9s autochtones | Evolugen<\/title>\n<meta name=\"description\" content=\"Evolugen s\u2019associe \u00e0 des communaut\u00e9s autochtones, telles que la \u00abPremi\u00e8re nation Namgis\u00bb, pour \u00e9laborer des solutions \u00e9nerg\u00e9tiques durables.\" \/>\n<meta name=\"robots\" content=\"index, follow, max-snippet:-1, max-image-preview:large, max-video-preview:-1\" \/>\n<link rel=\"canonical\" href=\"https:\/\/evolugen.com\/fr\/partenariats-avec-les-autochtones\/\" \/>\n<meta property=\"og:locale\" content=\"fr_FR\" \/>\n<meta property=\"og:type\" content=\"article\" \/>\n<meta property=\"og:title\" content=\"D\u00e9velopper une \u00e9nergie durable avec les communaut\u00e9s autochtones | Evolugen\" \/>\n<meta property=\"og:description\" content=\"Evolugen s\u2019associe \u00e0 des communaut\u00e9s autochtones, telles que la \u00abPremi\u00e8re nation Namgis\u00bb, pour \u00e9laborer des solutions \u00e9nerg\u00e9tiques durables.\" \/>\n<meta property=\"og:url\" content=\"https:\/\/evolugen.com\/fr\/partenariats-avec-les-autochtones\/\" \/>\n<meta property=\"og:site_name\" content=\"Evolugen by Brookfield Renewable\" \/>\n<meta property=\"article:modified_time\" content=\"2022-10-14T19:35:10+00:00\" \/>\n<meta name=\"twitter:card\" content=\"summary_large_image\" \/>\n<script type=\"application\/ld+json\" class=\"yoast-schema-graph\">{\"@context\":\"https:\/\/schema.org\",\"@graph\":[{\"@type\":\"WebPage\",\"@id\":\"https:\/\/evolugen.com\/fr\/partenariats-avec-les-autochtones\/\",\"url\":\"https:\/\/evolugen.com\/fr\/partenariats-avec-les-autochtones\/\",\"name\":\"D\u00e9velopper une \u00e9nergie durable avec les communaut\u00e9s autochtones | Evolugen\",\"isPartOf\":{\"@id\":\"https:\/\/evolugen.com\/fr\/#website\"},\"datePublished\":\"2019-06-04T05:44:13+00:00\",\"dateModified\":\"2022-10-14T19:35:10+00:00\",\"description\":\"Evolugen s\u2019associe \u00e0 des communaut\u00e9s autochtones, telles que la \u00abPremi\u00e8re nation Namgis\u00bb, pour \u00e9laborer des solutions \u00e9nerg\u00e9tiques durables.\",\"breadcrumb\":{\"@id\":\"https:\/\/evolugen.com\/fr\/partenariats-avec-les-autochtones\/#breadcrumb\"},\"inLanguage\":\"fr-FR\",\"potentialAction\":[{\"@type\":\"ReadAction\",\"target\":[\"https:\/\/evolugen.com\/fr\/partenariats-avec-les-autochtones\/\"]}]},{\"@type\":\"BreadcrumbList\",\"@id\":\"https:\/\/evolugen.com\/fr\/partenariats-avec-les-autochtones\/#breadcrumb\",\"itemListElement\":[{\"@type\":\"ListItem\",\"position\":1,\"name\":\"Home\",\"item\":\"https:\/\/evolugen.com\/fr\/\"},{\"@type\":\"ListItem\",\"position\":2,\"name\":\"Partenariats avec les autochtones\"}]},{\"@type\":\"WebSite\",\"@id\":\"https:\/\/evolugen.com\/fr\/#website\",\"url\":\"https:\/\/evolugen.com\/fr\/\",\"name\":\"Evolugen by Brookfield Renewable\",\"description\":\"\",\"publisher\":{\"@id\":\"https:\/\/evolugen.com\/fr\/#organization\"},\"potentialAction\":[{\"@type\":\"SearchAction\",\"target\":{\"@type\":\"EntryPoint\",\"urlTemplate\":\"https:\/\/evolugen.com\/fr\/?s={search_term_string}\"},\"query-input\":{\"@type\":\"PropertyValueSpecification\",\"valueRequired\":true,\"valueName\":\"search_term_string\"}}],\"inLanguage\":\"fr-FR\"},{\"@type\":\"Organization\",\"@id\":\"https:\/\/evolugen.com\/fr\/#organization\",\"name\":\"Evolugen by Brookfield Renewable\",\"url\":\"https:\/\/evolugen.com\/fr\/\",\"logo\":{\"@type\":\"ImageObject\",\"inLanguage\":\"fr-FR\",\"@id\":\"https:\/\/evolugen.com\/fr\/#\/schema\/logo\/image\/\",\"url\":\"https:\/\/evolugen.com\/wp-content\/uploads\/2019\/06\/Evolugen_Logo_English_White_Webfooter.png\",\"contentUrl\":\"https:\/\/evolugen.com\/wp-content\/uploads\/2019\/06\/Evolugen_Logo_English_White_Webfooter.png\",\"width\":477,\"height\":91,\"caption\":\"Evolugen by Brookfield Renewable\"},\"image\":{\"@id\":\"https:\/\/evolugen.com\/fr\/#\/schema\/logo\/image\/\"}}]}<\/script>\n<!-- \/ Yoast SEO plugin. -->","yoast_head_json":{"title":"D\u00e9velopper une \u00e9nergie durable avec les communaut\u00e9s autochtones | Evolugen","description":"Evolugen s\u2019associe \u00e0 des communaut\u00e9s autochtones, telles que la \u00abPremi\u00e8re nation Namgis\u00bb, pour \u00e9laborer des solutions \u00e9nerg\u00e9tiques durables.","robots":{"index":"index","follow":"follow","max-snippet":"max-snippet:-1","max-image-preview":"max-image-preview:large","max-video-preview":"max-video-preview:-1"},"canonical":"https:\/\/evolugen.com\/fr\/partenariats-avec-les-autochtones\/","og_locale":"fr_FR","og_type":"article","og_title":"D\u00e9velopper une \u00e9nergie durable avec les communaut\u00e9s autochtones | Evolugen","og_description":"Evolugen s\u2019associe \u00e0 des communaut\u00e9s autochtones, telles que la \u00abPremi\u00e8re nation Namgis\u00bb, pour \u00e9laborer des solutions \u00e9nerg\u00e9tiques durables.","og_url":"https:\/\/evolugen.com\/fr\/partenariats-avec-les-autochtones\/","og_site_name":"Evolugen by Brookfield Renewable","article_modified_time":"2022-10-14T19:35:10+00:00","twitter_card":"summary_large_image","schema":{"@context":"https:\/\/schema.org","@graph":[{"@type":"WebPage","@id":"https:\/\/evolugen.com\/fr\/partenariats-avec-les-autochtones\/","url":"https:\/\/evolugen.com\/fr\/partenariats-avec-les-autochtones\/","name":"D\u00e9velopper une \u00e9nergie durable avec les communaut\u00e9s autochtones | Evolugen","isPartOf":{"@id":"https:\/\/evolugen.com\/fr\/#website"},"datePublished":"2019-06-04T05:44:13+00:00","dateModified":"2022-10-14T19:35:10+00:00","description":"Evolugen s\u2019associe \u00e0 des communaut\u00e9s autochtones, telles que la \u00abPremi\u00e8re nation Namgis\u00bb, pour \u00e9laborer des solutions \u00e9nerg\u00e9tiques durables.","breadcrumb":{"@id":"https:\/\/evolugen.com\/fr\/partenariats-avec-les-autochtones\/#breadcrumb"},"inLanguage":"fr-FR","potentialAction":[{"@type":"ReadAction","target":["https:\/\/evolugen.com\/fr\/partenariats-avec-les-autochtones\/"]}]},{"@type":"BreadcrumbList","@id":"https:\/\/evolugen.com\/fr\/partenariats-avec-les-autochtones\/#breadcrumb","itemListElement":[{"@type":"ListItem","position":1,"name":"Home","item":"https:\/\/evolugen.com\/fr\/"},{"@type":"ListItem","position":2,"name":"Partenariats avec les autochtones"}]},{"@type":"WebSite","@id":"https:\/\/evolugen.com\/fr\/#website","url":"https:\/\/evolugen.com\/fr\/","name":"Evolugen by Brookfield Renewable","description":"","publisher":{"@id":"https:\/\/evolugen.com\/fr\/#organization"},"potentialAction":[{"@type":"SearchAction","target":{"@type":"EntryPoint","urlTemplate":"https:\/\/evolugen.com\/fr\/?s={search_term_string}"},"query-input":{"@type":"PropertyValueSpecification","valueRequired":true,"valueName":"search_term_string"}}],"inLanguage":"fr-FR"},{"@type":"Organization","@id":"https:\/\/evolugen.com\/fr\/#organization","name":"Evolugen by Brookfield Renewable","url":"https:\/\/evolugen.com\/fr\/","logo":{"@type":"ImageObject","inLanguage":"fr-FR","@id":"https:\/\/evolugen.com\/fr\/#\/schema\/logo\/image\/","url":"https:\/\/evolugen.com\/wp-content\/uploads\/2019\/06\/Evolugen_Logo_English_White_Webfooter.png","contentUrl":"https:\/\/evolugen.com\/wp-content\/uploads\/2019\/06\/Evolugen_Logo_English_White_Webfooter.png","width":477,"height":91,"caption":"Evolugen by Brookfield Renewable"},"image":{"@id":"https:\/\/evolugen.com\/fr\/#\/schema\/logo\/image\/"}}]}},"_links":{"self":[{"href":"https:\/\/evolugen.com\/fr\/wp-json\/wp\/v2\/pages\/2539","targetHints":{"allow":["GET"]}}],"collection":[{"href":"https:\/\/evolugen.com\/fr\/wp-json\/wp\/v2\/pages"}],"about":[{"href":"https:\/\/evolugen.com\/fr\/wp-json\/wp\/v2\/types\/page"}],"author":[{"embeddable":true,"href":"https:\/\/evolugen.com\/fr\/wp-json\/wp\/v2\/users\/1"}],"replies":[{"embeddable":true,"href":"https:\/\/evolugen.com\/fr\/wp-json\/wp\/v2\/comments?post=2539"}],"version-history":[{"count":0,"href":"https:\/\/evolugen.com\/fr\/wp-json\/wp\/v2\/pages\/2539\/revisions"}],"wp:attachment":[{"href":"https:\/\/evolugen.com\/fr\/wp-json\/wp\/v2\/media?parent=2539"}],"curies":[{"name":"wp","href":"https:\/\/api.w.org\/{rel}","templated":true}]}}